{"id":138,"date":"2018-10-27T08:36:24","date_gmt":"2018-10-27T06:36:24","guid":{"rendered":"http:\/\/brel-architecture.fr\/?page_id=138"},"modified":"2024-04-09T18:10:38","modified_gmt":"2024-04-09T16:10:38","slug":"prensentation","status":"publish","type":"page","link":"https:\/\/brel-architecture.fr\/?page_id=138","title":{"rendered":"PR\u00c9SENTATION"},"content":{"rendered":"\n<h1 class=\"wp-block-heading\"><\/h1>\n\n\n\n<hr class=\"wp-block-separator has-alpha-channel-opacity\"\/>\n\n\n\n<p>BREL architecture est l\u2019agence issue de la scission des activit\u00e9s de label architectures.<br> Guy-Vincent Brel g\u00e9rant de cette soci\u00e9t\u00e9 a dirig\u00e9, con\u00e7u et r\u00e9alis\u00e9 tous les projets de la branche march\u00e9s publics et sportifs depuis la cr\u00e9ation de la soci\u00e9t\u00e9 en 2008.<br> Son parcours professionnel est ax\u00e9 sur des programmes publics et notamment sportifs.<br> Il a aussi r\u00e9alis\u00e9, de nombreux projets de tailles et de fonctions vari\u00e9es: Stades (Lille, Furiani, &#8230;), Justice (tribunal de Foix), EHPAD, b\u00e2timents tertiaires (si\u00e8ge L\u2019Or\u00e9al CA), petite enfance et scolaire, logement collectifs, EHPAD (Petites Soeurs de Pauvres, Fontenay aux roses), \u00e9quipements sportifs, environnement et activit\u00e9 (UVE lasse), &#8230;<br> Aujourd\u2019hui, fort de cette exp\u00e9rience, BREL architecture propose aux ma\u00eetres d\u2019ouvrage publics ou priv\u00e9s une organisation humaine et technique pertinente, une m\u00e9thode \u00e9prouv\u00e9e et reconnue, une dynamique et une motivation toute particuli\u00e8re que chaque ma\u00eetre d\u2019ouvrage a pu appr\u00e9cier dans toutes ses r\u00e9alisations ant\u00e9rieures et actuelles.<br> Notre d\u00e9marche est bas\u00e9e sur la ma\u00eetrise des phases du projet, une organisation stricte du groupement et des intervenants, une connaissance technique approfondie de la construction.<br> Chacun projet exprime une source, un moment particulier, un fragment d\u2019exp\u00e9rience acquise, une confrontation \u00e0 une probl\u00e9matique, une exp\u00e9rimentation.<br> Cette diversit\u00e9, cette compl\u00e9mentarit\u00e9 propre \u00e0 notre m\u00e9tier, c\u2019est elle qui nous permet de cr\u00e9er une r\u00e9ponse sp\u00e9cifique \u00e0 ce besoin, ce contexte, propre \u00e0 chaque projet.<\/p>\n\n\n\n<p>.<\/p>\n\n\n\n<h1 class=\"wp-block-heading\"><\/h1>\n\n\n\n<hr class=\"wp-block-separator has-alpha-channel-opacity\"\/>\n\n\n<div class=\"wp-block-image\">\n<figure class=\"alignright is-resized\"><img loading=\"lazy\" decoding=\"async\" width=\"150\" height=\"150\" src=\"http:\/\/brel-architecture.fr\/wp-content\/uploads\/2018\/11\/Sans-titre-1-150x150.jpg\" alt=\"\" class=\"wp-image-182\" style=\"width:166px;height:auto\" srcset=\"https:\/\/brel-architecture.fr\/wp-content\/uploads\/2018\/11\/Sans-titre-1-150x150.jpg 150w, https:\/\/brel-architecture.fr\/wp-content\/uploads\/2018\/11\/Sans-titre-1-100x100.jpg 100w\" sizes=\"auto, (max-width: 150px) 100vw, 150px\" \/><\/figure>\n<\/div>","protected":false},"excerpt":{"rendered":"<p>BREL architecture est l\u2019agence issue de la scission des activit\u00e9s de label architectures. Guy-Vincent Brel g\u00e9rant de cette soci\u00e9t\u00e9 a dirig\u00e9, con\u00e7u et r\u00e9alis\u00e9 tous les projets de la branche march\u00e9s publics et sportifs depuis la cr\u00e9ation de la soci\u00e9t\u00e9 en 2008. Son parcours professionnel est ax\u00e9 sur des programmes publics et notamment sportifs. Il [&hellip;]<\/p>\n","protected":false},"author":1,"featured_media":0,"parent":0,"menu_order":0,"comment_status":"closed","ping_status":"closed","template":"","meta":{"footnotes":""},"class_list":["post-138","page","type-page","status-publish","hentry"],"_links":{"self":[{"href":"https:\/\/brel-architecture.fr\/index.php?rest_route=\/wp\/v2\/pages\/138","targetHints":{"allow":["GET"]}}],"collection":[{"href":"https:\/\/brel-architecture.fr\/index.php?rest_route=\/wp\/v2\/pages"}],"about":[{"href":"https:\/\/brel-architecture.fr\/index.php?rest_route=\/wp\/v2\/types\/page"}],"author":[{"embeddable":true,"href":"https:\/\/brel-architecture.fr\/index.php?rest_route=\/wp\/v2\/users\/1"}],"replies":[{"embeddable":true,"href":"https:\/\/brel-architecture.fr\/index.php?rest_route=%2Fwp%2Fv2%2Fcomments&post=138"}],"version-history":[{"count":30,"href":"https:\/\/brel-architecture.fr\/index.php?rest_route=\/wp\/v2\/pages\/138\/revisions"}],"predecessor-version":[{"id":453,"href":"https:\/\/brel-architecture.fr\/index.php?rest_route=\/wp\/v2\/pages\/138\/revisions\/453"}],"wp:attachment":[{"href":"https:\/\/brel-architecture.fr\/index.php?rest_route=%2Fwp%2Fv2%2Fmedia&parent=138"}],"curies":[{"name":"wp","href":"https:\/\/api.w.org\/{rel}","templated":true}]}}